{"id":946,"date":"2021-06-30T13:21:55","date_gmt":"2021-06-30T11:21:55","guid":{"rendered":"http:\/\/geostab.pl\/nowy\/?page_id=946"},"modified":"2024-05-12T12:45:04","modified_gmt":"2024-05-12T10:45:04","slug":"oprogramowanie-inzynierskie","status":"publish","type":"page","link":"https:\/\/geostab.pl\/?page_id=946","title":{"rendered":"OPROGRAMOWANIE IN\u017bYNIERSKIE"},"content":{"rendered":"<p>[vc_row css=\u201d.vc_custom_1715462672084{margin-top: 50px !important;}\u201d][vc_column width=\u201d1\/2\u2033][vc_custom_heading text=\u201dMetoda element\u00f3w sko\u0144czonych w geotechnice: PLAXIS\u201d font_container=\u201dtag:h3|text_align:left\u201d use_theme_fonts=\u201dyes\u201d][vc_column_text]<span style=\"font-weight: 400;\">Dzi\u0119ki PLAXIS u\u017cytkownicy mog\u0105 modelowa\u0107 szeroki zakres problem\u00f3w geotechnicznych, takich jak projektowanie fundament\u00f3w, analiza stateczno\u015bci zboczy, wykopy i tunele, projektowanie \u015bcian oporowych i techniki ulepszania gruntu. <\/span><span style=\"font-weight: 400;\">Oprogramowanie<\/span><span style=\"font-weight: 400;\"> zapewnia przyjazny dla u\u017cytkownika interfejs do tworzenia modeli element\u00f3w sko\u0144czonych, definiowania w\u0142a\u015bciwo\u015bci materia\u0142\u00f3w, stosowania obci\u0105\u017ce\u0144 i warunk\u00f3w brzegowych oraz wizualizacji wynik\u00f3w zar\u00f3wno w 2D, jak i 3D.<\/span>[\/vc_column_text][vc_column_text]<a href=\"http:\/\/www.geo-slope.com\/\"><img loading=\"lazy\" decoding=\"async\" class=\"aligncenter\" src=\"http:\/\/www.geostab.pl\/oprogramowanie_files\/geo-slope.jpg\" width=\"144\" height=\"28\" \/><\/a>[\/vc_column_text][vc_column_text]<a href=\"http:\/\/www.plaxis.com\/index.php?cat=productinfo&mouse=Plaxis%20V8\"><img decoding=\"async\" class=\"alignleft\" src=\"http:\/\/www.geostab.pl\/oprogramowanie_files\/plaxis-okladka.jpg\" alt=\"PLAXIS ok\u0142adka\" width=\"170\" \/><\/a><\/p>\n<p><a href=\"http:\/\/www.plaxis.com\/index.php?cat=productinfo&mouse=Plaxis%20V8\"><img decoding=\"async\" class=\"alignleft\" src=\"http:\/\/www.geostab.pl\/oprogramowanie_files\/plxis-rys.jpg\" alt=\"PLAXIS program\" width=\"300\" \/><\/a>[\/vc_column_text][\/vc_column][vc_column width=\u201d1\/2\u2033][vc_custom_heading text=\u201dDokumentacja geotechniczna: GEOSTAR, GEOPLAN, STRATER\u201d font_container=\u201dtag:h3|text_align:left\u201d use_theme_fonts=\u201dyes\u201d][vc_column_text]<span style=\"font-weight: 400;\">Og\u00f3lnie rzecz bior\u0105c, GEOSTAR, GEOPLAN i STRATER odgrywaj\u0105 kluczow\u0105 rol\u0119 w bran\u017cy geotechnicznej, dostarczaj\u0105c <\/span><span style=\"font-weight: 400;\">kompleksowe<\/span><span style=\"font-weight: 400;\"> rozwi\u0105zania do zarz\u0105dzania, analizy i wizualizacji danych. Te narz\u0119dzia programowe umo\u017cliwiaj\u0105 profesjonalistom podejmowanie \u015bwiadomych decyzji, optymalizacj\u0119 projekt\u00f3w i skuteczn\u0105 komunikacj\u0119 z interesariuszami w ca\u0142ym cyklu \u017cycia projektu.<\/span>[\/vc_column_text][vc_column_text]<a href=\"http:\/\/www.softproj.pnet.pl\/index.php?jezyk=pl&dzial=pakiet_geostar\"><img decoding=\"async\" class=\"alignleft\" src=\"http:\/\/www.geostab.pl\/oprogramowanie_files\/strater.jpg\" alt=\"STARTER\" height=\"100\" \/><\/a><a href=\"http:\/\/www.softproj.pnet.pl\/index.php?jezyk=pl&dzial=pakiet_geostar\"><img decoding=\"async\" class=\"alignleft\" src=\"http:\/\/www.geostab.pl\/oprogramowanie_files\/geostar-rys.jpg\" alt=\"GEOSTAR program\" width=\"170\" \/><\/a><\/p>\n<p>\u00a0[\/vc_column_text][\/vc_column][\/vc_row][vc_row css=\u201d.vc_custom_1715462664996{margin-top: 50px !important;}\u201d][vc_column width=\u201d1\/2\u2033][vc_custom_heading text=\u201dNapr\u0119\u017cenia i odkszta\u0142cenia w gruncie SIGMA\/W\u201d font_container=\u201dtag:h3|text_align:left\u201d use_theme_fonts=\u201dyes\u201d][vc_column_text]<span style=\"font-weight: 400;\">Napr\u0119\u017cenia i odkszta\u0142cenia w glebie SIGMA\/W SIGMA\/W to pot\u0119\u017cne narz\u0119dzie programowe u\u017cywane w in\u017cynierii geotechnicznej do analizy napr\u0119\u017ce\u0144 i odkszta\u0142ce\u0144 w glebie. Wykorzystuje zaawansowane metody numeryczne do symulacji reakcji mas gruntu na r\u00f3\u017cne warunki obci\u0105\u017cenia, pomagaj\u0105c in\u017cynierom oceni\u0107 stateczno\u015b\u0107, osiadanie i charakterystyk\u0119 odkszta\u0142ce\u0144 konstrukcji gruntowych.<\/p>\n<p>Za pomoc\u0105 SIGMA\/W u\u017cytkownicy mog\u0105 modelowa\u0107 z\u0142o\u017cone problemy geotechniczne, takie jak nasypy, mury oporowe, g\u0142\u0119bokie wykopy i fundamenty. Oprogramowanie pozwala na uwzgl\u0119dnienie takich czynnik\u00f3w, jak w\u0142a\u015bciwo\u015bci gruntu, <\/span><span style=\"font-weight: 400;\">warunki<\/span><span style=\"font-weight: 400;\"> w\u00f3d gruntowych i obci\u0105\u017cenia zewn\u0119trzne, aby dok\u0142adnie przewidzie\u0107 rozk\u0142ad napr\u0119\u017ce\u0144 i wzorce odkszta\u0142ce\u0144 w masie gleby.<\/span>[\/vc_column_text][vc_column_text]<img loading=\"lazy\" decoding=\"async\" class=\"alignnone size-full wp-image-1129\" src=\"https:\/\/geostab.pl\/wp-content\/uploads\/2024\/05\/sigma-w.remini-enhanced.png\" alt=\"\" width=\"170\" height=\"246\" \/>\u00a0 \u00a0 \u00a0 <img loading=\"lazy\" decoding=\"async\" class=\"alignnone size-medium wp-image-1128\" src=\"https:\/\/geostab.pl\/wp-content\/uploads\/2024\/05\/sigma-w1.remini-enhanced-300x223.png\" alt=\"\" width=\"170\" height=\"223\" \/>[\/vc_column_text][\/vc_column][vc_column width=\u201d1\/2\u2033][vc_custom_heading text=\u201dStateczno\u015b\u0107 zbocza SLOPE\/W\u201d font_container=\u201dtag:h3|text_align:left\u201d use_theme_fonts=\u201dyes\u201d][vc_column_text]<span style=\"font-weight: 400;\">Specjalistyczne narz\u0119dzie programowe wykorzystywane w in\u017cynierii geotechnicznej do analizy stateczno\u015bci skarp i nasyp\u00f3w. Wykorzystuje zaawansowane techniki numeryczne do oceny takich czynnik\u00f3w, jak w\u0142a\u015bciwo\u015bci gleby, warunki w\u00f3d gruntowych i obci\u0105\u017cenia zewn\u0119trzne, umo\u017cliwiaj\u0105c in\u017cynierom przewidywanie prawdopodobie\u0144stwa uszkodzenia zbocza i optymalizacj\u0119 projekt\u00f3w pod k\u0105tem bezpiecze\u0144stwa i stabilno\u015bci.<\/p>\n<p>Dzi\u0119ki SLOPE\/W u\u017cytkownicy mog\u0105 modelowa\u0107 szeroki zakres konfiguracji zboczy, w tym naturalne zbocza, nasypy i wykopy. Oprogramowanie zapewnia narz\u0119dzia do przeprowadzania kompleksowych analiz stateczno\u015bci, uwzgl\u0119dniaj\u0105cych takie czynniki, jak wytrzyma\u0142o\u015b\u0107 gruntu, ci\u015bnienie wody porowej i geometria zbocza. Symuluj\u0105c r\u00f3\u017cne scenariusze i stosuj\u0105c r\u00f3\u017cne \u015brodki stabilizacyjne, in\u017cynierowie mog\u0105 oceni\u0107 wydajno\u015b\u0107 projekt\u00f3w zboczy i ograniczy\u0107 potencjalne ryzyko zwi\u0105zane z niestabilno\u015bci\u0105.<\/span>[\/vc_column_text][vc_column_text]<img loading=\"lazy\" decoding=\"async\" class=\"alignnone size-full wp-image-1127\" src=\"https:\/\/geostab.pl\/wp-content\/uploads\/2024\/05\/slope-w.remini-enhanced.png\" alt=\"\" width=\"170\" height=\"246\" \/>\u00a0 \u00a0 \u00a0 <img loading=\"lazy\" decoding=\"async\" class=\"alignnone size-medium wp-image-1126\" src=\"https:\/\/geostab.pl\/wp-content\/uploads\/2024\/05\/slope-w1.remini-enhanced-300x222.png\" alt=\"\" width=\"170\" height=\"222\" \/>[\/vc_column_text][\/vc_column][\/vc_row][vc_row css=\u201d.vc_custom_1715462656981{margin-top: 50px !important;}\u201d][vc_column width=\u201d1\/2\u2033][vc_custom_heading text=\u201dPrzep\u0142yw w\u00f3d podziemnych SEEP\/W\u201d font_container=\u201dtag:h3|text_align:left\u201d use_theme_fonts=\u201dyes\u201d][vc_column_text]<span style=\"font-weight: 400;\">Ograniczony i nieograniczony przep\u0142yw wody przez gleb\u0119 SEEP\/W SEEP\/W to specjalistyczne narz\u0119dzie programowe wykorzystywane w in\u017cynierii geotechnicznej do analizy przep\u0142ywu wody przez grunt w warunkach ograniczonych i nieograniczonych. Wykorzystuje zaawansowane metody numeryczne do symulacji zjawisk przesi\u0105kania, pomagaj\u0105c in\u017cynierom zrozumie\u0107 zachowanie w\u00f3d gruntowych i ich wp\u0142yw na projekty infrastrukturalne.\u00a0<\/span><\/p>\n<p><span style=\"font-weight: 400;\">Za pomoc\u0105 SEEP\/W u\u017cytkownicy mog\u0105 modelowa\u0107 r\u00f3\u017cne scenariusze zwi\u0105zane z przep\u0142ywem wody przez gleb\u0119, takie jak przesi\u0105kanie pod zaporami, <\/span><span style=\"font-weight: 400;\">nasypami<\/span><span style=\"font-weight: 400;\"> i wa\u0142ami przeciwpowodziowymi, a tak\u017ce systemy odwadniaj\u0105ce i projekty remediacji w\u00f3d gruntowych. Oprogramowanie pozwala na uwzgl\u0119dnienie takich czynnik\u00f3w, jak w\u0142a\u015bciwo\u015bci gleby, przewodno\u015b\u0107 hydrauliczna, warunki brzegowe i zmiany wysoko\u015bci zwierciad\u0142a wody, umo\u017cliwiaj\u0105c in\u017cynierom przewidywanie szybko\u015bci przesi\u0105kania, ci\u015bnienia wody porowej i wzorc\u00f3w przep\u0142ywu w masie gleby.<\/span>[\/vc_column_text][vc_column_text]<a href=\"http:\/\/www.geo-slope.com\/products\/seepw2004.aspx\"> <img loading=\"lazy\" decoding=\"async\" class=\"alignnone size-full wp-image-1125\" src=\"https:\/\/geostab.pl\/wp-content\/uploads\/2024\/05\/seep-w.remini-enhanced.png\" alt=\"\" width=\"170\" height=\"246\" \/> \u00a0 \u00a0 <\/a><a href=\"http:\/\/www.geo-slope.com\/products\/seepw2004.aspx\"><img loading=\"lazy\" decoding=\"async\" class=\"alignnone size-medium wp-image-1124\" src=\"https:\/\/geostab.pl\/wp-content\/uploads\/2024\/05\/seep-w1.remini-enhanced-300x224.png\" alt=\"\" width=\"170\" height=\"224\" \/><\/a>[\/vc_column_text][\/vc_column][vc_column width=\u201d1\/2\u2033][vc_custom_heading text=\u201dProgramy wspomagaj\u0105ce: GRAPHER, SURFER\u201d font_container=\u201dtag:h3|text_align:left\u201d use_theme_fonts=\u201dyes\u201d][vc_column_text]<span style=\"font-weight: 400;\">GRAPHER to wszechstronne narz\u0119dzie do tworzenia wykres\u00f3w, kt\u00f3re umo\u017cliwia u\u017cytkownikom tworzenie szerokiej gamy wykres\u00f3w, wykres\u00f3w i wykres\u00f3w 2D i 3D. Zapewnia intuicyjne funkcje wy\u015bwietlania funkcji matematycznych, danych eksperymentalnych i analiz statystycznych w atrakcyjny wizualnie spos\u00f3b. GRAPHER jest szeroko stosowany przez naukowc\u00f3w, in\u017cynier\u00f3w, nauczycieli i badaczy do <\/span><span style=\"font-weight: 400;\">ilustrowania<\/span><span style=\"font-weight: 400;\"> relacji, trend\u00f3w i wzorc\u00f3w w danych, u\u0142atwiaj\u0105c jasne i zwi\u0119z\u0142e przekazywanie z\u0142o\u017conych informacji.<\/span><\/p>\n<p><span style=\"font-weight: 400;\">Z kolei SURFER to kompleksowy pakiet oprogramowania do mapowania i analiz przestrzennych. Umo\u017cliwia u\u017cytkownikom tworzenie wysokiej jako\u015bci map konturowych, wykres\u00f3w powierzchniowych i modeli terenu 3D na podstawie r\u00f3\u017cnych typ\u00f3w danych geoprzestrzennych, w tym modeli wysoko\u015bciowych, zdj\u0119\u0107 lotniczych i bada\u0144 geologicznych. Zaawansowane mo\u017cliwo\u015bci mapowania SURFER sprawiaj\u0105, \u017ce jest to <\/span><span style=\"font-weight: 400;\">cenne<\/span><span style=\"font-weight: 400;\"> narz\u0119dzie dla geolog\u00f3w, naukowc\u00f3w zajmuj\u0105cych si\u0119 \u015brodowiskiem, in\u017cynier\u00f3w budownictwa i urbanist\u00f3w zaanga\u017cowanych w planowanie u\u017cytkowania grunt\u00f3w, zarz\u0105dzanie zasobami i projekty monitorowania \u015brodowiska.<\/span>[\/vc_column_text][vc_column_text]<a href=\"http:\/\/www.goldensoftware.com\/products\/grapher\/grapher.shtml\"><img decoding=\"async\" class=\"alignleft\" src=\"http:\/\/www.geostab.pl\/oprogramowanie_files\/Grapher.jpg\" alt=\"GEOSTAR logo\" width=\"100\" \/><\/a><a href=\"http:\/\/www.goldensoftware.com\/products\/surfer\/surfer.shtml\"><img decoding=\"async\" class=\"alignleft\" src=\"http:\/\/www.geostab.pl\/oprogramowanie_files\/surfer.jpg\" alt=\"SURFER logo\" width=\"110\" \/><\/a><\/p>\n<p><a href=\"http:\/\/www.goldensoftware.com\/products\/surfer\/surfer.shtml\"><img decoding=\"async\" class=\"alignleft\" src=\"http:\/\/www.geostab.pl\/oprogramowanie_files\/surfer-rys.jpg\" alt=\"SURFER program\" width=\"170\" \/><\/a>[\/vc_column_text][\/vc_column][\/vc_row][vc_row css=\u201d.vc_custom_1715462694545{margin-top: 50px !important;}\u201d][vc_column width=\u201d1\/2\u2033][vc_custom_heading text=\u201dKre\u015blenie: AUTOCAD\u201d font_container=\u201dtag:h3|text_align:left\u201d use_theme_fonts=\u201dyes\u201d][vc_column_text]<span style=\"font-weight: 400;\">AutoCAD to szeroko stosowane oprogramowanie do kre\u015blenia i projektowania opracowane przez firm\u0119 Autodesk. Umo\u017cliwia architektom, in\u017cynierom, projektantom i kre\u015blarzom tworzenie precyzyjnych rysunk\u00f3w i modeli 2D i 3D dla r\u00f3\u017cnych <\/span><span style=\"font-weight: 400;\">bran\u017c<\/span><span style=\"font-weight: 400;\">, w tym architektury, in\u017cynierii, budownictwa, produkcji i innych.<\/span><\/p>\n<p><span style=\"font-weight: 400;\">Dzi\u0119ki programowi AutoCAD u\u017cytkownicy mog\u0105 efektywnie szkicowa\u0107 i dokumentowa\u0107 swoje projekty z dok\u0142adno\u015bci\u0105 i <\/span><span style=\"font-weight: 400;\">elastyczno\u015bci\u0105<\/span><span style=\"font-weight: 400;\">. Oprogramowanie oferuje szerok\u0105 gam\u0119 narz\u0119dzi do rysowania, funkcji adnotacji i mo\u017cliwo\u015bci edycji w celu tworzenia szczeg\u00f3\u0142owych plan\u00f3w, plan\u00f3w, schemat\u00f3w i ilustracji technicznych. Ponadto AutoCAD obs\u0142uguje wsp\u00f3\u0142prac\u0119 i udost\u0119pnianie projekt\u00f3w dzi\u0119ki kompatybilno\u015bci z r\u00f3\u017cnymi formatami plik\u00f3w i integracji z us\u0142ugami opartymi na chmurze.<\/span>[\/vc_column_text][\/vc_column][vc_column width=\u201d1\/2\u2033][vc_custom_heading text=\u201dGrunt zbrojony: programy autorskie r\u00f3\u017cnych firm\u201d font_container=\u201dtag:h3|text_align:left\u201d use_theme_fonts=\u201dyes\u201d][vc_column_text]<span style=\"font-weight: 400;\">Oprogramowanie wspomagaj\u0105ce projektowanie dostarczane przez producent\u00f3w produkt\u00f3w wzmacniaj\u0105cych grunt oferuje in\u017cynierom i projektantom specjalistyczny zestaw narz\u0119dzi dostosowany do optymalizacji wykorzystania ich konkretnych produkt\u00f3w do wzmacniania gruntu. Te pakiety oprogramowania maj\u0105 na celu usprawnienie procesu projektowania konstrukcji z gruntu zbrojonego, takich jak \u015bciany oporowe, skarpy, nasypy i chodniki.\u00a0<\/span><\/p>\n<p><span style=\"font-weight: 400;\">Korzystaj\u0105c z takiego oprogramowania, in\u017cynierowie mog\u0105 wprowadza\u0107 parametry specyficzne dla miejsca i wymagania projektowe w celu wygenerowania szczeg\u00f3\u0142owych rozwi\u0105za\u0144 projektowych obejmuj\u0105cych produkty producenta do wzmacniania gruntu. Narz\u0119dzia te zazwyczaj oferuj\u0105 funkcje do analizy w\u0142a\u015bciwo\u015bci gruntu, okre\u015blania <\/span><span style=\"font-weight: 400;\">optymalnych<\/span><span style=\"font-weight: 400;\"> uk\u0142ad\u00f3w zbrojenia i oceny wydajno\u015bci konstrukcji z gruntu zbrojonego w r\u00f3\u017cnych warunkach obci\u0105\u017cenia.<\/span>[\/vc_column_text][\/vc_column][\/vc_row]<\/p>\n","protected":false},"excerpt":{"rendered":"<p>[vc_row css=\u201d.vc_custom_1715462672084{margin-top: 50px !important;}\u201d][vc_column width=\u201d1\/2\u2033][vc_custom_heading text=\u201dMetoda element\u00f3w sko\u0144czonych w geotechnice: PLAXIS\u201d font_container=\u201dtag:h3|text_align:left\u201d use_theme_fonts=\u201dyes\u201d][vc_column_text]Dzi\u0119ki PLAXIS u\u017cytkownicy mog\u0105 modelowa\u0107 szeroki zakres problem\u00f3w geotechnicznych, takich jak projektowanie fundament\u00f3w, analiza stateczno\u015bci zboczy, wykopy i tunele, projektowanie \u015bcian oporowych i techniki ulepszania gruntu. Oprogramowanie zapewnia przyjazny dla u\u017cytkownika interfejs do tworzenia modeli element\u00f3w sko\u0144czonych, definiowania w\u0142a\u015bciwo\u015bci materia\u0142\u00f3w, stosowania obci\u0105\u017ce\u0144 i [&hellip;]<\/p>\n","protected":false},"author":1,"featured_media":0,"parent":0,"menu_order":0,"comment_status":"closed","ping_status":"closed","template":"","meta":{"footnotes":""},"class_list":["post-946","page","type-page","status-publish","hentry"],"_links":{"self":[{"href":"https:\/\/geostab.pl\/index.php?rest_route=\/wp\/v2\/pages\/946","targetHints":{"allow":["GET"]}}],"collection":[{"href":"https:\/\/geostab.pl\/index.php?rest_route=\/wp\/v2\/pages"}],"about":[{"href":"https:\/\/geostab.pl\/index.php?rest_route=\/wp\/v2\/types\/page"}],"author":[{"embeddable":true,"href":"https:\/\/geostab.pl\/index.php?rest_route=\/wp\/v2\/users\/1"}],"replies":[{"embeddable":true,"href":"https:\/\/geostab.pl\/index.php?rest_route=%2Fwp%2Fv2%2Fcomments&post=946"}],"version-history":[{"count":9,"href":"https:\/\/geostab.pl\/index.php?rest_route=\/wp\/v2\/pages\/946\/revisions"}],"predecessor-version":[{"id":1168,"href":"https:\/\/geostab.pl\/index.php?rest_route=\/wp\/v2\/pages\/946\/revisions\/1168"}],"wp:attachment":[{"href":"https:\/\/geostab.pl\/index.php?rest_route=%2Fwp%2Fv2%2Fmedia&parent=946"}],"curies":[{"name":"wp","href":"https:\/\/api.w.org\/{rel}","templated":true}]}}