{"id":620,"date":"2018-11-23T08:24:33","date_gmt":"2018-11-23T08:24:33","guid":{"rendered":"http:\/\/localhost\/industro\/?page_id=620"},"modified":"2024-05-12T13:23:03","modified_gmt":"2024-05-12T11:23:03","slug":"home-2","status":"publish","type":"page","link":"https:\/\/geostab.pl\/","title":{"rendered":"Start"},"content":{"rendered":"<p>[vc_row full_width=\u201dstretch_row_content_no_spaces\u201d fullwidth=\u201dtrue\u201d][vc_column][rev_slider_vc alias=\u201dhome-2\u2033][\/vc_column][\/vc_row][vc_row css=\u201d.vc_custom_1542963436303{padding-bottom: 100px !important;background-image: url(http:\/\/localhost\/industro\/wp-content\/uploads\/2018\/11\/bg-map.png?id=629) !important;}\u201d][vc_column css=\u201d.vc_custom_1715509609727{margin-top: 50px !important;}\u201d][vc_column_text css=\u201d.vc_custom_1715512961621{margin-bottom: 27px !important;}\u201d]<\/p>\n<h2><b>Nasze us\u0142ugi<\/b><\/h2>\n<p>[\/vc_column_text][\/vc_column][vc_column width=\u201d1\/2\u2033][vc_column_text css=\u201d.vc_custom_1715509200731{margin-bottom: 30px !important;}\u201d]<\/p>\n<p style=\"text-align: justify;\"><span style=\"font-weight: 400;\">Zapoznaj si\u0119 z nasz\u0105 ofert\u0105 specjalistycznych rozwi\u0105za\u0144 dostosowanych do Twoich potrzeb. Od kompleksowych bada\u0144 podpowierzchniowych po wydajne wiercenia produkcyjne \u2014 oferujemy specjalistyczne us\u0142ugi zaprojektowane tak, aby wspiera\u0107 Twoje projekty i nap\u0119dza\u0107 sukces.<\/span><\/p>\n<p>[\/vc_column_text][vc_column_text css=\u201d.vc_custom_1715510859337{margin-bottom: 60px !important;}\u201d]<\/p>\n<h4><b>Us\u0142ugi badawcze<\/b><\/h4>\n<ul>\n<li style=\"font-weight: 400;\" aria-level=\"1\"><span style=\"font-weight: 400;\">Poszukiwanie i rozpoznawanie z\u0142\u00f3\u017c w\u0119glowodor\u00f3w oraz ich wydobycie<\/span><\/li>\n<li style=\"font-weight: 400;\" aria-level=\"1\"><span style=\"font-weight: 400;\">Wiercenie produkcyjne \u2013 gazowe i ropa naftowa<\/span><\/li>\n<li style=\"font-weight: 400;\" aria-level=\"1\"><span style=\"font-weight: 400;\">Poszukiwanie i eksploatacja z\u0142\u00f3\u017c (mied\u017a, z\u0142oto, inne)<\/span><\/li>\n<li style=\"font-weight: 400;\" aria-level=\"1\"><span style=\"font-weight: 400;\">Kompleksowe badania podpowierzchniowe na l\u0105dzie i wodzie.<\/span><\/li>\n<li style=\"font-weight: 400;\" aria-level=\"1\"><span style=\"font-weight: 400;\">Standardowe i specjalistyczne laboratoryjne badania gleby.<\/span><\/li>\n<\/ul>\n<div id=\"gtx-trans\" style=\"position: absolute; left: -369px; top: 84.0265px;\">\n<div class=\"gtx-trans-icon\"><\/div>\n<\/div>\n<p>[\/vc_column_text][vc_btn title=\u201d\u0421zytaj wi\u0119cej\u201d style=\u201doutline\u201d color=\u201dinfo\u201d i_align=\u201dright\u201d i_icon_fontawesome=\u201dfas fa-angle-double-right\u201d add_icon=\u201dtrue\u201d link=\u201durl:https%3A%2F%2Fgeostab.pl%2F%3Fpage_id%3D466|title:US%C5%81UGI%20BADAWCZE\u201d][\/vc_column][vc_column width=\u201d1\/2\u2033][vc_column_text css=\u201d.vc_custom_1715509260547{margin-bottom: 60px !important;}\u201d]<\/p>\n<h4><b>Us\u0142ugi projektowe<\/b><\/h4>\n<ul>\n<li style=\"font-weight: 400;\" aria-level=\"1\"><span style=\"font-weight: 400;\">Stabilno\u015b\u0107 i bezpiecze\u0144stwo zap\u00f3r poflotacyjnych.<\/span><\/li>\n<li style=\"font-weight: 400;\" aria-level=\"1\"><span style=\"font-weight: 400;\">Posadowienie platform wiertniczych i ruroci\u0105g\u00f3w na dnie morskim.<\/span><\/li>\n<li style=\"font-weight: 400;\" aria-level=\"1\"><span style=\"font-weight: 400;\">Posadowienie, poszerzenie i stabilizacja nasyp\u00f3w drogowych na gruntach organicznych i s\u0142abych.<\/span><\/li>\n<li style=\"font-weight: 400;\" aria-level=\"1\"><span style=\"font-weight: 400;\">Stabilizacja nasyp\u00f3w kolejowych.<\/span><\/li>\n<li style=\"font-weight: 400;\" aria-level=\"1\"><span style=\"font-weight: 400;\">Stabilizacja naturalnych skarp i \u015bcian g\u0142\u0119bokich rob\u00f3t ziemnych.<\/span><\/li>\n<li style=\"font-weight: 400;\" aria-level=\"1\"><span style=\"font-weight: 400;\">Wzmocnienie s\u0142abej gleby.<\/span><\/li>\n<li style=\"font-weight: 400;\" aria-level=\"1\"><span style=\"font-weight: 400;\">Posadowienie obiekt\u00f3w in\u017cynierii l\u0105dowej i wodnej na trudnych warunkach gruntowych.<\/span><\/li>\n<li style=\"font-weight: 400;\" aria-level=\"1\"><span style=\"font-weight: 400;\">Przep\u0142yw w\u00f3d podziemnych, migracja zanieczyszcze\u0144, systemy odwadniaj\u0105ce.<\/span><\/li>\n<\/ul>\n<p>[\/vc_column_text][vc_btn title=\u201d\u0421zytaj wi\u0119cej\u201d style=\u201doutline\u201d color=\u201dinfo\u201d i_align=\u201dright\u201d i_icon_fontawesome=\u201dfas fa-angle-double-right\u201d add_icon=\u201dtrue\u201d link=\u201durl:https%3A%2F%2Fgeostab.pl%2F%3Fpage_id%3D173|title:US%C5%81UGI%20PROJEKTOWE\u201d][\/vc_column][\/vc_row][vc_row][vc_column width=\u201d1\/2\u2033][vc_column_text css=\u201d.vc_custom_1624962127992{margin-bottom: 27px !important;}\u201d]<\/p>\n<h2>O nas<\/h2>\n<p>[\/vc_column_text][vc_column_text css=\u201d.vc_custom_1625489427261{margin-bottom: 60px !important;}\u201d]<\/p>\n<p style=\"text-align: justify;\"><strong>GEOSTAB\u00a0<\/strong>dzia\u0142a na polskim rynku aktywnie od 1992 roku dla potrzeb budownictwa l\u0105dowego i wodnego w specjalno\u015bci geoin\u017cynieria i geoekologia. Prowadzi prace badawcze, konsultingowe i projektowe w tym o charakterze innowacyjnym. Zatrudnia i korzysta z us\u0142ug specjalist\u00f3w posiadaj\u0105cych wieloletnie do\u015bwiadczenie zdobyte w Instytutach Badawczych w Polsce i Zagranic\u0105. Specjali\u015bci ci wykonywali terenowe i laboratoryjne prace badawcze oraz prace studialne mi\u0119dzy innymi: w Libii, Senegalu, Szwecji, Norwegii, Portugalii i Holandii, animuj\u0105c i r\u00f3wnocze\u015bnie uczestnicz\u0105c w kilku projektach mi\u0119dzynarodowych. Na szczeg\u00f3lne podkre\u015blenie zas\u0142uguje partnerska wsp\u00f3\u0142praca z Norweskim Instytutem Geotechnicznym. GEOSTAB posiada Laboratorium, w kt\u00f3rym wysoko kwalifikowani pracownicy wykonuj\u0105 geotechniczne badania laboratoryjne gruntu, a tak\u017ce wsp\u00f3\u0142pracuj\u0105 w rozwoju sprz\u0119tu do bada\u0144 i w szkoleniu personelu.<\/p>\n<p>[\/vc_column_text][vc_column_text css=\u201d.vc_custom_1715461968704{margin-bottom: 60px !important;}\u201d]<\/p>\n<p style=\"text-align: justify;\">W marcu 2007 roku otrzymali\u015bmy\u00a0<a title=\"Certyfikat 2007\" href=\"https:\/\/geostab.pl\/nowy\/wp-content\/uploads\/2021\/06\/1.jpg\" rel=\"lightbox[roadtrip]\">Certyfikat<\/a>\u00a0potwierdzaj\u0105cy wdro\u017cenie Systemu Zarz\u0105dzania Jako\u015bci\u0105 wg. normy ISO 9001:2000. W\u00a0<a href=\"https:\/\/geostab.pl\/nowy\/polityka-jakosci\/\" target=\"_self\" rel=\"noopener\">Polityce Jako\u015bci<\/a>\u00a0zawarli\u015bmy podstawowe kierunki dzia\u0142a\u0144 naszego przedsi\u0119biorstwa. W 2010 roku firma otrzyma\u0142a\u00a0<a title=\"Certyfikat 2017\" href=\"https:\/\/geostab.pl\/nowy\/wp-content\/uploads\/2021\/06\/2.jpg\" rel=\"lightbox[roadtrip]\">Certyfikat<\/a>\u00a0zgodnie z norm\u0105 ISO 9001:2008, a w 2019 otrzyma\u0142a\u00a0<a title=\"Certyfikat 2019\" href=\"https:\/\/geostab.pl\/nowy\/wp-content\/uploads\/2021\/07\/iso-pl-scaled.jpg\" rel=\"lightbox[roadtrip]\">Certyfikat<\/a>\u00a0zgodnie z norm\u0105 ISO 9001:2015.<br \/>\n<b><\/b><br \/>\nFirma Geostab jest cz\u0142onkiem wspieraj\u0105cym Polski Komitet Geotechniki \u2013\u00a0<a title=\"Certyfikat Polski Komitet Geotechniki\" href=\"https:\/\/geostab.pl\/nowy\/wp-content\/uploads\/2021\/06\/4.jpg\" rel=\"lightbox[roadtrip]\">CERTYFIKAT PKG<\/a><\/p>\n<div id=\"gtx-trans\" style=\"position: absolute; left: -21px; top: 127.097px;\">\n<div class=\"gtx-trans-icon\"><\/div>\n<\/div>\n<p>[\/vc_column_text][\/vc_column][vc_column width=\u201d1\/2\u2033][vc_images_carousel images=\u201d916,918\u2033 img_size=\u201d350\u00d7500\u2033 autoplay=\u201dyes\u201d hide_pagination_control=\u201dyes\u201d hide_prev_next_buttons=\u201dyes\u201d wrap=\u201dyes\u201d css=\u201d.vc_custom_1715461956192{padding-top: 100px !important;padding-left: 50px !important;}\u201d][\/vc_column][\/vc_row]<\/p>\n","protected":false},"excerpt":{"rendered":"<p>[vc_row full_width=\u201dstretch_row_content_no_spaces\u201d fullwidth=\u201dtrue\u201d][vc_column][rev_slider_vc alias=\u201dhome-2\u2033][\/vc_column][\/vc_row][vc_row css=\u201d.vc_custom_1542963436303{padding-bottom: 100px !important;background-image: url(http:\/\/localhost\/industro\/wp-content\/uploads\/2018\/11\/bg-map.png?id=629) !important;}\u201d][vc_column css=\u201d.vc_custom_1715509609727{margin-top: 50px !important;}\u201d][vc_column_text css=\u201d.vc_custom_1715512961621{margin-bottom: 27px !important;}\u201d] Nasze us\u0142ugi [\/vc_column_text][\/vc_column][vc_column width=\u201d1\/2\u2033][vc_column_text css=\u201d.vc_custom_1715509200731{margin-bottom: 30px !important;}\u201d] Zapoznaj si\u0119 z nasz\u0105 ofert\u0105 specjalistycznych rozwi\u0105za\u0144 dostosowanych do Twoich potrzeb. Od kompleksowych bada\u0144 podpowierzchniowych po wydajne wiercenia produkcyjne \u2014 oferujemy specjalistyczne us\u0142ugi zaprojektowane tak, aby wspiera\u0107 Twoje projekty i nap\u0119dza\u0107 sukces. [\/vc_column_text][vc_column_text [&hellip;]<\/p>\n","protected":false},"author":1,"featured_media":0,"parent":0,"menu_order":0,"comment_status":"closed","ping_status":"closed","template":"","meta":{"footnotes":""},"class_list":["post-620","page","type-page","status-publish","hentry"],"_links":{"self":[{"href":"https:\/\/geostab.pl\/index.php?rest_route=\/wp\/v2\/pages\/620","targetHints":{"allow":["GET"]}}],"collection":[{"href":"https:\/\/geostab.pl\/index.php?rest_route=\/wp\/v2\/pages"}],"about":[{"href":"https:\/\/geostab.pl\/index.php?rest_route=\/wp\/v2\/types\/page"}],"author":[{"embeddable":true,"href":"https:\/\/geostab.pl\/index.php?rest_route=\/wp\/v2\/users\/1"}],"replies":[{"embeddable":true,"href":"https:\/\/geostab.pl\/index.php?rest_route=%2Fwp%2Fv2%2Fcomments&post=620"}],"version-history":[{"count":16,"href":"https:\/\/geostab.pl\/index.php?rest_route=\/wp\/v2\/pages\/620\/revisions"}],"predecessor-version":[{"id":1171,"href":"https:\/\/geostab.pl\/index.php?rest_route=\/wp\/v2\/pages\/620\/revisions\/1171"}],"wp:attachment":[{"href":"https:\/\/geostab.pl\/index.php?rest_route=%2Fwp%2Fv2%2Fmedia&parent=620"}],"curies":[{"name":"wp","href":"https:\/\/api.w.org\/{rel}","templated":true}]}}