{"id":466,"date":"2018-11-19T10:12:47","date_gmt":"2018-11-19T10:12:47","guid":{"rendered":"http:\/\/localhost\/industro\/?page_id=466"},"modified":"2024-05-12T13:33:37","modified_gmt":"2024-05-12T11:33:37","slug":"zakres-prac-badawczych","status":"publish","type":"page","link":"https:\/\/geostab.pl\/?page_id=466","title":{"rendered":"Zakres prac badawczych"},"content":{"rendered":"<p>[vc_row][vc_column][vc_empty_space height=&#8221;64px&#8221;][vc_custom_heading text=&#8221;Poszukiwanie i rozpoznawanie z\u0142\u00f3\u017c w\u0119glowodor\u00f3w oraz ich wydobywanie&#8221; font_container=&#8221;tag:h4|text_align:left&#8221; use_theme_fonts=&#8221;yes&#8221;][vc_column_text]<span style=\"font-weight: 400;\">Poszukiwanie i rozpoznawanie z\u0142\u00f3\u017c w\u0119glowodor\u00f3w polega na systematycznym poszukiwaniu, ocenie i wydobywaniu zasob\u00f3w ropy naftowej i gazu ziemnego spod powierzchni ziemi.<\/span><\/p>\n<p><span style=\"font-weight: 400;\">Podczas eksploracji geolodzy i geofizycy wykorzystuj\u0105 zaawansowane technologie, takie jak badania sejsmiczne, badania grawitacyjne i magnetyczne oraz rejestrowanie odwiert\u00f3w, aby zidentyfikowa\u0107 potencjalne formacje zawieraj\u0105ce w\u0119glowodory pod powierzchni\u0105 ziemi. Techniki te pomagaj\u0105 w mapowaniu podpowierzchniowych struktur geologicznych i przewidywaniu obecno\u015bci z\u0142\u00f3\u017c ropy naftowej i gazu.<\/span><\/p>\n<p><span style=\"font-weight: 400;\">Po zidentyfikowaniu obiecuj\u0105cego miejsca przeprowadza si\u0119 prace wiertnicze w celu wydobycia w\u0119glowodor\u00f3w. W zale\u017cno\u015bci od charakterystyki z\u0142o\u017ca, wiercenie mo\u017ce obejmowa\u0107 konwencjonalne odwierty pionowe lub bardziej z\u0142o\u017cone techniki, takie jak wiercenie kierunkowe i szczelinowanie hydrauliczne (szczelinowanie) w poszukiwaniu zasob\u00f3w niekonwencjonalnych, takich jak gaz \u0142upkowy i ropa naftowa.<\/span><\/p>\n<p><span style=\"font-weight: 400;\">Po wierceniu instalowane s\u0105 zak\u0142ady produkcyjne do wydobycia, przetwarzania i transportu w\u0119glowodor\u00f3w do rafinerii lub centr\u00f3w dystrybucyjnych. Proces ten obejmuje r\u00f3\u017cne etapy, w tym uko\u0144czenie odwiertu, optymalizacj\u0119 produkcji i transport ruroci\u0105gami, cysternami lub innymi \u015brodkami.<\/span><\/p>\n<p><span style=\"font-weight: 400;\">Poszukiwanie i wydobycie z\u0142\u00f3\u017c w\u0119glowodor\u00f3w ma zasadnicze znaczenie dla zaspokojenia globalnego zapotrzebowania na energi\u0119 i wspierania rozwoju gospodarczego. Produkty naftowe i gazowe s\u0105 wykorzystywane do produkcji paliw, ogrzewania, energii elektrycznej oraz jako surowce do produkcji produkt\u00f3w petrochemicznych, tworzyw sztucznych i r\u00f3\u017cnych proces\u00f3w przemys\u0142owych.<\/span>[\/vc_column_text][vc_custom_heading text=&#8221;Wiercenie produkcyjne \u2013 gazowe i ropa naftowa&#8221; font_container=&#8221;tag:h4|text_align:left&#8221; use_theme_fonts=&#8221;yes&#8221;][vc_column_text]Podczas wiercenia produkcyjnego zar\u00f3wno w przypadku gazu, jak i ropy naftowej, stosowane s\u0105 specjalistyczne urz\u0105dzenia wiertnicze w celu penetracji powierzchni ziemi i osi\u0105gni\u0119cia docelowej g\u0142\u0119boko\u015bci, na kt\u00f3rej znajduje si\u0119 zbiornik. R\u00f3\u017cne techniki wiercenia, takie jak wiercenie kierunkowe i szczelinowanie hydrauliczne (fracking), mog\u0105 by\u0107 wykorzystywane do optymalizacji wydobycia z niekonwencjonalnych zbiornik\u00f3w, takich jak formacje \u0142upkowe.<\/p>\n<p>Po wykonaniu odwiertu instalowany jest sprz\u0119t produkcyjny, w tym obudowa, przewody rurowe i elementy g\u0142owicy odwiertu, aby u\u0142atwi\u0107 wydobycie zasob\u00f3w. Odwierty s\u0105 zazwyczaj projektowane w okre\u015blonych konfiguracjach, aby zoptymalizowa\u0107 nat\u0119\u017cenie przep\u0142ywu i zapewni\u0107 efektywne wydobycie zasob\u00f3w.<\/p>\n<p>Po zako\u0144czeniu wydobycia, wydobyte zasoby s\u0105 zazwyczaj transportowane ruroci\u0105gami lub cysternami do zak\u0142ad\u00f3w przetw\u00f3rczych, gdzie poddawane s\u0105 obr\u00f3bce w celu usuni\u0119cia zanieczyszcze\u0144 i przygotowania ich do dystrybucji i wykorzystania. Niezale\u017cnie od tego, czy jest to gaz ziemny, wszechstronne \u017ar\u00f3d\u0142o energii wykorzystywane do ogrzewania, wytwarzania energii elektrycznej, proces\u00f3w przemys\u0142owych i paliwa transportowego, czy ropa naftowa, kt\u00f3ra jest poddawana rafinacji w celu wytworzenia r\u00f3\u017cnych produkt\u00f3w ropopochodnych, takich jak benzyna, olej nap\u0119dowy, paliwo lotnicze i smary, wiercenia produkcyjne odgrywaj\u0105 istotn\u0105 rol\u0119 w zaspokajaniu globalnego zapotrzebowania na energi\u0119.[\/vc_column_text][vc_custom_heading text=&#8221;Poszukiwanie i eksploatacja z\u0142\u00f3\u017c (mied\u017a, z\u0142oto, inne)&#8221; font_container=&#8221;tag:h4|text_align:left&#8221; use_theme_fonts=&#8221;yes&#8221;][vc_column_text]<span style=\"font-weight: 400;\">Poszukiwanie i eksploatacja z\u0142\u00f3\u017c mineralnych, w tym miedzi, z\u0142ota i innych cennych zasob\u00f3w, polega na systematycznym poszukiwaniu, ocenie i wydobywaniu tych materia\u0142\u00f3w ze skorupy ziemskiej.<\/span><\/p>\n<p><span style=\"font-weight: 400;\">Eksploracja polega na wykorzystaniu r\u00f3\u017cnych technik geologicznych, geofizycznych i geochemicznych w celu identyfikacji potencjalnych z\u0142\u00f3\u017c mineralnych. Faza ta cz\u0119sto obejmuje przeprowadzanie bada\u0144, wiercenie odwiert\u00f3w i analiz\u0119 pr\u00f3bek ska\u0142 w celu okre\u015blenia obecno\u015bci, wielko\u015bci, gatunku i jako\u015bci z\u0142\u00f3\u017c mineralnych.<\/span><\/p>\n<p><span style=\"font-weight: 400;\">Po zidentyfikowaniu rentownego z\u0142o\u017ca rozpoczyna si\u0119 faza eksploatacji, polegaj\u0105ca na wydobyciu i przetwarzaniu minera\u0142\u00f3w w celach komercyjnych. Proces ten mo\u017ce obejmowa\u0107 metody wydobycia odkrywkowego lub podziemnego, po kt\u00f3rych nast\u0119puje kruszenie, mielenie i rafinacja w celu wydobycia po\u017c\u0105danych minera\u0142\u00f3w z rudy.<\/span><\/p>\n<p><span style=\"font-weight: 400;\">Poszukiwanie i eksploatacja z\u0142\u00f3\u017c mineralnych odgrywaj\u0105 kluczow\u0105 rol\u0119 w r\u00f3\u017cnych ga\u0142\u0119ziach przemys\u0142u, w tym w g\u00f3rnictwie, hutnictwie, przetw\u00f3rstwie i budownictwie. Dzia\u0142alno\u015b\u0107 ta zapewnia niezb\u0119dne surowce do produkcji towar\u00f3w, pocz\u0105wszy od elektroniki i materia\u0142\u00f3w infrastrukturalnych, a sko\u0144czywszy na bi\u017cuterii i produktach konsumenckich.<\/span>[\/vc_column_text][vc_custom_heading text=&#8221;Kompleksowe rozpoznanie warunk\u00f3w gruntowo-wodnych na l\u0105dzie i na wodzie&#8221; font_container=&#8221;tag:h4|text_align:left&#8221; use_theme_fonts=&#8221;yes&#8221;][vc_column_text]<span style=\"font-weight: 400;\">Kompleksowe us\u0142ugi bada\u0144 podpowierzchniowych maj\u0105 zasadnicze znaczenie dla zrozumienia sk\u0142adu i w\u0142a\u015bciwo\u015bci gleby i zbiornik\u00f3w wodnych pod powierzchni\u0105. Badania te wykorzystuj\u0105 r\u00f3\u017cne techniki, takie jak wiercenie, pobieranie pr\u00f3bek i badania geofizyczne, w celu zebrania danych na temat w\u0142a\u015bciwo\u015bci gleby, poziomu w\u00f3d gruntowych i cech geologicznych.<\/span><\/p>\n<p><span style=\"font-weight: 400;\">Przeprowadzaj\u0105c dok\u0142adne badania podpowierzchniowe, in\u017cynierowie, naukowcy zajmuj\u0105cy si\u0119 ochron\u0105 \u015brodowiska i deweloperzy mog\u0105 podejmowa\u0107 \u015bwiadome decyzje dotycz\u0105ce przydatno\u015bci terenu, projektu fundament\u00f3w, ocen oddzia\u0142ywania na \u015brodowisko i zarz\u0105dzania wodami gruntowymi. Badania te pomagaj\u0105 zidentyfikowa\u0107 potencjalne zagro\u017cenia i wyzwania na wczesnym etapie cyklu \u017cycia projektu, umo\u017cliwiaj\u0105c wdro\u017cenie odpowiednich \u015brodk\u00f3w zaradczych.<\/span>[\/vc_column_text][vc_media_grid element_width=&#8221;3&#8243; grid_id=&#8221;vc_gid:1715513588674-a860ba84a615001209e3868abdf62b07-8&#8243; include=&#8221;1155,1136,1138&#8243;][\/vc_column][\/vc_row][vc_row][vc_column][vc_empty_space height=&#8221;64px&#8221;][vc_custom_heading text=&#8221;Standardowe i specjalistyczne badania laboratoryjne grunt\u00f3w&#8221; font_container=&#8221;tag:h4|text_align:left&#8221; use_theme_fonts=&#8221;yes&#8221;][vc_column_text]Laboratoryjne badania gleby obejmuj\u0105 zar\u00f3wno badania standardowe, takie jak analiza wielko\u015bci cz\u0105stek i badania zag\u0119szczenia, jak i badania specjalistyczne, takie jak badania tr\u00f3josiowe i badania przepuszczalno\u015bci. Oceny te pomagaj\u0105 okre\u015bli\u0107 w\u0142a\u015bciwo\u015bci gleby krytyczne dla projekt\u00f3w budowlanych i in\u017cynieryjnych. Zapewniaj\u0105, \u017ce projekty s\u0105 zbudowane na solidnym fundamencie, optymalizuj\u0105c bezpiecze\u0144stwo i wydajno\u015b\u0107, minimalizuj\u0105c jednocze\u015bnie ryzyko.[\/vc_column_text][vc_media_grid element_width=&#8221;3&#8243; grid_id=&#8221;vc_gid:1715513588694-c71048b2999f23cde04a0d35814f6937-1&#8243; include=&#8221;939,940,941,942&#8243;][\/vc_column][\/vc_row]<\/p>\n","protected":false},"excerpt":{"rendered":"<p>[vc_row][vc_column][vc_empty_space height=&#8221;64px&#8221;][vc_custom_heading text=&#8221;Poszukiwanie i rozpoznawanie z\u0142\u00f3\u017c w\u0119glowodor\u00f3w oraz ich wydobywanie&#8221; font_container=&#8221;tag:h4|text_align:left&#8221; use_theme_fonts=&#8221;yes&#8221;][vc_column_text]Poszukiwanie i rozpoznawanie z\u0142\u00f3\u017c w\u0119glowodor\u00f3w polega na systematycznym poszukiwaniu, ocenie i wydobywaniu zasob\u00f3w ropy naftowej i gazu ziemnego spod powierzchni ziemi. Podczas eksploracji geolodzy i geofizycy wykorzystuj\u0105 zaawansowane technologie, takie jak badania sejsmiczne, badania grawitacyjne i magnetyczne oraz rejestrowanie odwiert\u00f3w, aby zidentyfikowa\u0107 potencjalne formacje [&hellip;]<\/p>\n","protected":false},"author":1,"featured_media":0,"parent":0,"menu_order":0,"comment_status":"closed","ping_status":"closed","template":"","meta":{"footnotes":""},"class_list":["post-466","page","type-page","status-publish","hentry"],"_links":{"self":[{"href":"https:\/\/geostab.pl\/index.php?rest_route=\/wp\/v2\/pages\/466","targetHints":{"allow":["GET"]}}],"collection":[{"href":"https:\/\/geostab.pl\/index.php?rest_route=\/wp\/v2\/pages"}],"about":[{"href":"https:\/\/geostab.pl\/index.php?rest_route=\/wp\/v2\/types\/page"}],"author":[{"embeddable":true,"href":"https:\/\/geostab.pl\/index.php?rest_route=\/wp\/v2\/users\/1"}],"replies":[{"embeddable":true,"href":"https:\/\/geostab.pl\/index.php?rest_route=%2Fwp%2Fv2%2Fcomments&post=466"}],"version-history":[{"count":10,"href":"https:\/\/geostab.pl\/index.php?rest_route=\/wp\/v2\/pages\/466\/revisions"}],"predecessor-version":[{"id":1173,"href":"https:\/\/geostab.pl\/index.php?rest_route=\/wp\/v2\/pages\/466\/revisions\/1173"}],"wp:attachment":[{"href":"https:\/\/geostab.pl\/index.php?rest_route=%2Fwp%2Fv2%2Fmedia&parent=466"}],"curies":[{"name":"wp","href":"https:\/\/api.w.org\/{rel}","templated":true}]}}