{"id":173,"date":"2018-11-07T07:34:16","date_gmt":"2018-11-07T07:34:16","guid":{"rendered":"http:\/\/localhost\/industro\/?page_id=173"},"modified":"2025-12-17T18:44:28","modified_gmt":"2025-12-17T17:44:28","slug":"zakres-prac-studialno-projektowych","status":"publish","type":"page","link":"https:\/\/geostab.pl\/?page_id=173","title":{"rendered":"US\u0141UGI PROJEKTOWE"},"content":{"rendered":"<p>[vc_row][vc_column width=\u201d1\/2\u2033][vc_empty_space][vc_empty_space][vc_column_text]<\/p>\n<ul>\n<li>stateczno\u015b\u0107 zap\u00f3r i bezpiecze\u0144stwo sk\u0142adowisk odpad\u00f3w poflotacyjnych<\/li>\n<li>posadowienie platform wiertniczych i ruroci\u0105g\u00f3w na dnie morza<\/li>\n<li>posadownienie, poszerzanie, stabilizacja nasyp\u00f3w drogowych na gruntach organicznych i gruntach s\u0142abych<\/li>\n<li>stabilizacja nasyp\u00f3w kolejowych<\/li>\n<li>zabezpieczanie naturalnych zboczy i \u015bcian g\u0142\u0119bokich wykop\u00f3w<\/li>\n<li>wzmacnianie grunt\u00f3w s\u0142abych<\/li>\n<li>posadownienie obiekt\u00f3w budowlanych w trudnych warunkach gruntowych<\/li>\n<li>przep\u0142yw w\u00f3d podziemnych, migracja zanieczyszcze\u0144, systemy drena\u017cowe<\/li>\n<\/ul>\n<p>[\/vc_column_text][\/vc_column][vc_column width=\u201d1\/2\u2033][vc_empty_space][vc_empty_space][vc_media_grid element_width=\u201d6\u2033 grid_id=\u201dvc_gid:1765993451150-0d55d3c2-e6bb-3\u2033 include=\u201d927,1141,1159,1132\u2033][\/vc_column][\/vc_row]<\/p>\n","protected":false},"excerpt":{"rendered":"<p>[vc_row][vc_column width=\u201d1\/2\u2033][vc_empty_space][vc_empty_space][vc_column_text] stateczno\u015b\u0107 zap\u00f3r i bezpiecze\u0144stwo sk\u0142adowisk odpad\u00f3w poflotacyjnych posadowienie platform wiertniczych i ruroci\u0105g\u00f3w na dnie morza posadownienie, poszerzanie, stabilizacja nasyp\u00f3w drogowych na gruntach organicznych i gruntach s\u0142abych stabilizacja nasyp\u00f3w kolejowych zabezpieczanie naturalnych zboczy i \u015bcian g\u0142\u0119bokich wykop\u00f3w wzmacnianie grunt\u00f3w s\u0142abych posadownienie obiekt\u00f3w budowlanych w trudnych warunkach gruntowych przep\u0142yw w\u00f3d podziemnych, migracja zanieczyszcze\u0144, systemy drena\u017cowe [&hellip;]<\/p>\n","protected":false},"author":1,"featured_media":0,"parent":0,"menu_order":0,"comment_status":"closed","ping_status":"closed","template":"","meta":{"footnotes":""},"class_list":["post-173","page","type-page","status-publish","hentry"],"_links":{"self":[{"href":"https:\/\/geostab.pl\/index.php?rest_route=\/wp\/v2\/pages\/173","targetHints":{"allow":["GET"]}}],"collection":[{"href":"https:\/\/geostab.pl\/index.php?rest_route=\/wp\/v2\/pages"}],"about":[{"href":"https:\/\/geostab.pl\/index.php?rest_route=\/wp\/v2\/types\/page"}],"author":[{"embeddable":true,"href":"https:\/\/geostab.pl\/index.php?rest_route=\/wp\/v2\/users\/1"}],"replies":[{"embeddable":true,"href":"https:\/\/geostab.pl\/index.php?rest_route=%2Fwp%2Fv2%2Fcomments&post=173"}],"version-history":[{"count":8,"href":"https:\/\/geostab.pl\/index.php?rest_route=\/wp\/v2\/pages\/173\/revisions"}],"predecessor-version":[{"id":1196,"href":"https:\/\/geostab.pl\/index.php?rest_route=\/wp\/v2\/pages\/173\/revisions\/1196"}],"wp:attachment":[{"href":"https:\/\/geostab.pl\/index.php?rest_route=%2Fwp%2Fv2%2Fmedia&parent=173"}],"curies":[{"name":"wp","href":"https:\/\/api.w.org\/{rel}","templated":true}]}}